  {"id":801,"date":"2016-03-01T16:17:03","date_gmt":"2016-03-01T16:17:03","guid":{"rendered":"http:\/\/www.enyopharma.com\/?page_id=801&#038;lang=fr"},"modified":"2026-01-16T19:38:43","modified_gmt":"2026-01-16T19:38:43","slug":"investisseurs","status":"publish","type":"page","link":"https:\/\/www.enyopharma.com\/fr\/presentation\/investisseurs\/","title":{"rendered":"Investisseurs"},"content":{"rendered":"<h2>OrbiMed<\/h2>\n<p><img loading=\"lazy\" decoding=\"async\" class=\"img-thumbnail wp-image-116 size-thumbnail alignleft\" src=\"\/wp-content\/uploads\/2023\/09\/Orbimed-logo.jpg\" alt=\"OrbiMed\" width=\"150\" height=\"150\" \/><br \/>\nOrbiMed est une des plus grandes soci\u00e9t\u00e9s d\u2019investissement d\u00e9di\u00e9e exclusivement au secteur de la sant\u00e9, avec plus de 14 milliards de dollars d\u2019investissement dans des actifs sous gestion. OrbiMed investit mondialement dans le secteur pharmaceutique, allant des start-ups jusqu\u2019\u00e0 de grandes soci\u00e9t\u00e9s multinationales, utilisant un panel de fonds d\u2019investissement priv\u00e9s, d\u2019investissement publiques, de fonds de redevances\/cr\u00e9dits et d\u2019autres moyens d\u2019investissements. OrbiMed a son si\u00e8ge \u00e0 New York, ainsi que plusieurs bureaux \u00e0 San Francisco, Shangai, Hong Kong, Mumbai et Herzliya. OrbiMed aspire \u00e0 \u00eatre un fournisseur d\u2019actifs de choix, avec la flexibilit\u00e9 de pouvoir fournir des capitaux sous forme de fonds propres et de dettes adapt\u00e9s aux besoins sp\u00e9cifiques de chaque entreprise accompagn\u00e9e. Compos\u00e9e de plus de 80 personnes, l\u2019\u00e9quipe d\u2019OrbiMed apporte ses ressources et l\u2019exp\u00e9rience n\u00e9cessaire lui permettant ainsi d\u2019\u00eatre un partenaire d\u2019exception sur le long-terme pour la cr\u00e9ation d\u2019entreprises pharmaceutiques de classe mondiale.<br \/>\n<a href=\"http:\/\/www.orbimed.com\/\" target=\"_blank\" rel=\"noopener\">www.orbimed.com<\/a><\/p>\n<h2>Morningside Ventures<\/h2>\n<p><img loading=\"lazy\" decoding=\"async\" class=\"img-thumbnail wp-image-116 size-thumbnail alignleft\" src=\"\/wp-content\/uploads\/2023\/09\/Morningside-logo-2.jpg\" alt=\"Morningside\" width=\"150\" height=\"150\" \/><br \/>\nFond\u00e9 il y a 30 ans \u00e0 Boston, Morningside est un investisseur actif en capital-risque de start-ups de biotechnologie. Morningside intervient dans les cessions de licences d\u2019Universit\u00e9s et d\u2019Institutions de Recherches et travaille \u00e0 la fois avec des acad\u00e9miques et des professionnels de l\u2019industrie afin d\u2019amener des d\u00e9couvertes scientifiques en clinique. La structure investit dans de nouveaux traitements, diagnostics, et des dispositifs m\u00e9dicaux dans plusieurs aires th\u00e9rapeutiques.<br \/>\n<a href=\"http:\/\/www.morningside.com\/\" target=\"_blank\" rel=\"noopener\">www.morningside.com<\/a><\/p>\n<h2>Bpifrance<\/h2>\n<p><img loading=\"lazy\" decoding=\"async\" class=\"img-thumbnail wp-image-116 size-thumbnail alignleft\" src=\"\/wp-content\/uploads\/2023\/09\/Bpifrance-logo-2.jpg\" alt=\"Bpifrance\" width=\"150\" height=\"150\" \/><br \/>\nBpifrance finance les entreprises \u2013 \u00e0 chaque \u00e9tape de leur d\u00e9veloppement \u2013 \u00e0 travers des cr\u00e9dits, des garanties et en fonds propres. Bpifrance offre \u00e9galement des services financiers (par exemple : formation, conseil\u2026). Bpifrance les accompagne dans leurs projets d\u2019innovation et \u00e0 l\u2019international. Bpifrance assure aussi d\u00e9sormais leur activit\u00e9 export \u00e0 travers une large gamme de produits. Conseil, universit\u00e9, mise en r\u00e9seau et programme d\u2019acc\u00e9l\u00e9ration \u00e0 destination des startups, des PME et des ETI font \u00e9galement partie de l\u2019offre propos\u00e9e aux entrepreneurs.<br \/>\nGr\u00e2ce \u00e0 Bpifrance et ses 48 implantations r\u00e9gionales, les entrepreneurs b\u00e9n\u00e9ficient d\u2019un interlocuteur proche, unique et efficace pour les accompagner \u00e0 faire face \u00e0 leurs d\u00e9fis.<br \/>\n<a href=\"http:\/\/www.bpifrance.com\/\" target=\"_blank\" rel=\"noopener\">www.bpifrance.com<\/a><\/p>\n<h2>Andera Partners<\/h2>\n<p><img loading=\"lazy\" decoding=\"async\" class=\"img-thumbnail wp-image-116 size-thumbnail alignleft\" src=\"\/wp-content\/uploads\/2023\/09\/Andera-logo-2.jpg\" alt=\"Andera Partners\" width=\"150\" height=\"150\" \/><br \/>\nCr\u00e9\u00e9e en 2001 au sein du Groupe Edmond de Rothschild, Andera Partners, est une r\u00e9f\u00e9rence de l\u2019investissement non cot\u00e9 en France et \u00e0 l\u2019international. Elle g\u00e8re plus de 2 Md d\u2019\u20ac autour des sciences de la vie (BioDiscovery), du capital d\u00e9veloppement et de la transmission (Winch Capital en mid cap et Cabestan Capital en small cap) et de la dette mezzanine sponsorless (ActoMezz).<br \/>\nD\u00e9tenue \u00e0 100% par ses \u00e9quipes, ANDERA PARTNERS place le service aux entrepreneurs, et le respect des partenaires au c\u0153ur de ses pr\u00e9occupations. La soci\u00e9t\u00e9 de gestion est \u00e9galement signataire des Principes pour l\u2019Investissement Responsable (UNPRI) \u00e9mis par les Nations Unies et visant \u00e0 l\u2019adoption de meilleures pratiques environnementales, sociales et de gouvernance d\u2019entreprise (ESG).<br \/>\nANDERA PARTNERS poursuit ses lev\u00e9es de fonds sur ses segments actuels. Bas\u00e9e \u00e0 Paris, ANDERA PARTNERS est une soci\u00e9t\u00e9 de gestion agr\u00e9\u00e9e AMF et compos\u00e9e de 55 personnes, dont 40 professionnels de l\u2019investissement. Elle est organis\u00e9e en partnership et dirig\u00e9e par un coll\u00e8ge de 10 associ\u00e9s.<br \/>\n<a href=\"http:\/\/www.anderapartners.com\/\" target=\"_blank\" rel=\"noopener\">www.anderapartners.com<\/a><\/p>\n<h2>InnoBio<\/h2>\n<p><img loading=\"lazy\" decoding=\"async\" class=\"img-thumbnail wp-image-116 size-thumbnail alignleft\" src=\"\/wp-content\/uploads\/2023\/09\/Bpifrance-logo-2.jpg\" alt=\"InnoBio\" width=\"150\" height=\"150\" \/><br \/>\nInnoBio est un FPCI, de 173 millions d\u2019euros, g\u00e9r\u00e9 par Bpifrance qui en est \u00e9galement un investisseur de fond aux c\u00f4t\u00e9s des principaux laboratoires pharmaceutiques mondiaux (Sanofi, GSK, Roche, Novartis, Pfizer, Lilly, Ipsen, Takeda, Boehringer-Ingelheim). L\u2019objectif principal du fond est d\u2019investir au capital de soci\u00e9t\u00e9s innovantes d\u00e9veloppant des technologies, des produits et des services dans le domaine de la sant\u00e9.<br \/>\n<a href=\"http:\/\/www.bpifrance.fr\/\" target=\"_blank\" rel=\"noopener\">www.bpifrance.fr<\/a><\/p>\n<h2>Vesalius Biocapital<\/h2>\n<p><img loading=\"lazy\" decoding=\"async\" class=\"img-thumbnail wp-image-116 size-thumbnail alignleft\" src=\"\/wp-content\/uploads\/2025\/06\/Vesalius-Biocapital.png\" alt=\"Vesalius Biocapital\" width=\"150\" height=\"150\" \/><br \/>\nVesalius Biocapital (Vesalius) est un investisseur en capital-risque sp\u00e9cialis\u00e9 dans les sciences de la vie. Depuis 2007, il investit dans des entreprises en phase avanc\u00e9e de d\u00e9veloppement pharmaceutique, de dispositifs m\u00e9dicaux de diagnostic et de e-sant\u00e9.<br \/>\nVesalius Biocapital IV, lanc\u00e9 en juin 2023, cible les entreprises europ\u00e9ennes de pointe en sciences de la vie, notamment dans le d\u00e9veloppement pharmaceutique et la sant\u00e9 num\u00e9rique.<br \/>\nNotre portefeuille d&#8217;investissement est \u00e9quilibr\u00e9 entre le d\u00e9veloppement pharmaceutique et les investissements hors d\u00e9veloppement pharmaceutique. Nous nous engageons \u00e0 financer l&#8217;innovation scientifique et les entrepreneurs ambitieux, avec un objectif de sortie sous cinq ans.<br \/>\nNotre \u00e9quipe d&#8217;experts est compos\u00e9e de professionnels chevronn\u00e9s des sciences de la vie, poss\u00e9dant une solide exp\u00e9rience dans l&#8217;industrie de la sant\u00e9, la finance d&#8217;entreprise et le d\u00e9veloppement strat\u00e9gique. Ils accompagnent les entreprises tout au long de leur cycle de croissance. Bas\u00e9e en Europe, l&#8217;\u00e9quipe explore les opportunit\u00e9s d&#8217;investissement et le potentiel de valorisation du portefeuille.<br \/>\n<a href=\"https:\/\/vesaliusbiocapital.com\/\" target=\"_blank\" rel=\"noopener\">https:\/\/vesaliusbiocapital.com\/<\/a><\/p>\n<h2>Sofinnova Partners<\/h2>\n<p><img loading=\"lazy\" decoding=\"async\" class=\"img-thumbnail wp-image-116 size-thumbnail alignleft\" src=\"\/wp-content\/uploads\/2023\/09\/Sofinnova-partners-logo.png\" alt=\"InnoBio\" width=\"150\" height=\"150\" \/><br \/>\nSofinnova Partners est un des leaders du capital risque en Europe sp\u00e9cialis\u00e9 dans les sciences de la vie. Bas\u00e9e \u00e0 Paris, l\u2019\u00e9quipe est compos\u00e9e de professionnels issus d\u2019Europe, des Etats Unis et de Chine. La soci\u00e9t\u00e9 investit dans les technologies de changement de paradigme aux c\u00f4t\u00e9s d\u2019entrepreneurs visionnaires. Sofinnova Partners intervient en priorit\u00e9 en tant qu\u2019investisseur chef de file ou de r\u00e9f\u00e9rence dans les soci\u00e9t\u00e9s en amor\u00e7age, des start up, des spin-off d\u2019entreprises et des soci\u00e9t\u00e9s plus matures. Depuis 45 ans, la soci\u00e9t\u00e9 a accompagn\u00e9 plus de 500 entreprises \u00e0 travers le monde devenues des leaders sur leur march\u00e9. Sofinnova Partners g\u00e8re aujourd\u2019hui 1,9 milliard d\u2019euros.<br \/>\n<a href=\"http:\/\/www.sofinnova.fr\/\" target=\"_blank\" rel=\"noopener\">www.sofinnova.fr<\/a><\/p>\n<h2>Inserm Transfert Initiative<\/h2>\n<p><img loading=\"lazy\" decoding=\"async\" class=\"img-thumbnail wp-image-116 size-thumbnail alignleft\" src=\"\/wp-content\/uploads\/2016\/01\/logo_iti.jpg\" alt=\"InnoBio\" width=\"150\" height=\"150\" \/><br \/>\nInserm Transfert Initiatives (ITI) est une soci\u00e9t\u00e9 d\u2019investissement fran\u00e7aise sp\u00e9cialis\u00e9e dans le financement d\u2019amor\u00e7age de soci\u00e9t\u00e9s innovantes en sciences de la vie dont les projets scientifiques provenant du secteur acad\u00e9mique fran\u00e7ais d\u00e9montrent un fort potentiel dans l\u2019apport de solutions th\u00e9rapeutiques pour les patients.<br \/>\n<a href=\"http:\/\/www.inserm-transfert-initiative.com\" target=\"_blank\" rel=\"noopener\">www.inserm-transfert-initiative.com<\/a><\/p>\n","protected":false},"excerpt":{"rendered":"<h2>OrbiMed<\/h2>\n<p><img loading=\"lazy\" decoding=\"async\" class=\"img-thumbnail wp-image-116 size-thumbnail alignleft\" src=\"\/wp-content\/uploads\/2023\/09\/Orbimed-logo.jpg\" alt=\"OrbiMed\" width=\"150\" height=\"150\" \/><br \/>\nOrbiMed est une des plus grandes soci\u00e9t\u00e9s d\u2019investissement d\u00e9di\u00e9e exclusivement au secteur de la sant\u00e9, avec plus de 14 milliards de dollars d\u2019investissement dans des actifs sous gestion. OrbiMed investit mondialement dans le secteur pharmaceutique, allant des start-ups jusqu\u2019\u00e0 de grandes soci\u00e9t\u00e9s multinationales, utilisant un panel de fonds d\u2019investissement priv\u00e9s, d\u2019investissement publiques, de fonds de redevances\/cr\u00e9dits et d\u2019autres moyens d\u2019investissements. OrbiMed a son si\u00e8ge \u00e0 New York, ainsi que plusieurs bureaux \u00e0 San Francisco,<\/p>\n<p><a class=\"read-more\" href=\"https:\/\/www.enyopharma.com\/fr\/presentation\/investisseurs\/\">Lire la suite&nbsp;&raquo;<\/a><\/p>\n","protected":false},"author":1,"featured_media":0,"parent":794,"menu_order":4,"comment_status":"closed","ping_status":"closed","template":"","meta":{"_acf_changed":false,"footnotes":""},"class_list":["post-801","page","type-page","status-publish","hentry"],"acf":[],"jetpack_sharing_enabled":true,"rttpg_featured_image_url":null,"rttpg_author":{"display_name":"adminENYOPharma","author_link":"https:\/\/www.enyopharma.com\/fr\/author\/adminenyopharma\/"},"rttpg_comment":0,"rttpg_category":null,"rttpg_excerpt":"OrbiMed OrbiMed est une des plus grandes soci\u00e9t\u00e9s d\u2019investissement d\u00e9di\u00e9e exclusivement au secteur de la sant\u00e9, avec plus de 14 milliards de dollars d\u2019investissement dans des actifs sous gestion. OrbiMed investit mondialement dans le secteur pharmaceutique, allant des start-ups jusqu\u2019\u00e0 de grandes soci\u00e9t\u00e9s multinationales, utilisant un panel de fonds d\u2019investissement priv\u00e9s, d\u2019investissement publiques, de fonds&hellip;","_links":{"self":[{"href":"https:\/\/www.enyopharma.com\/fr\/wp-json\/wp\/v2\/pages\/801","targetHints":{"allow":["GET"]}}],"collection":[{"href":"https:\/\/www.enyopharma.com\/fr\/wp-json\/wp\/v2\/pages"}],"about":[{"href":"https:\/\/www.enyopharma.com\/fr\/wp-json\/wp\/v2\/types\/page"}],"author":[{"embeddable":true,"href":"https:\/\/www.enyopharma.com\/fr\/wp-json\/wp\/v2\/users\/1"}],"replies":[{"embeddable":true,"href":"https:\/\/www.enyopharma.com\/fr\/wp-json\/wp\/v2\/comments?post=801"}],"version-history":[{"count":10,"href":"https:\/\/www.enyopharma.com\/fr\/wp-json\/wp\/v2\/pages\/801\/revisions"}],"predecessor-version":[{"id":6337,"href":"https:\/\/www.enyopharma.com\/fr\/wp-json\/wp\/v2\/pages\/801\/revisions\/6337"}],"up":[{"embeddable":true,"href":"https:\/\/www.enyopharma.com\/fr\/wp-json\/wp\/v2\/pages\/794"}],"wp:attachment":[{"href":"https:\/\/www.enyopharma.com\/fr\/wp-json\/wp\/v2\/media?parent=801"}],"curies":[{"name":"wp","href":"https:\/\/api.w.org\/{rel}","templated":true}]}}