  {"id":799,"date":"2016-03-01T16:14:19","date_gmt":"2016-03-01T16:14:19","guid":{"rendered":"http:\/\/www.enyopharma.com\/?page_id=799&#038;lang=fr"},"modified":"2026-01-16T19:33:41","modified_gmt":"2026-01-16T19:33:41","slug":"conseil-dadministration","status":"publish","type":"page","link":"https:\/\/www.enyopharma.com\/fr\/presentation\/conseil-dadministration\/","title":{"rendered":"Conseil d\u2019administration"},"content":{"rendered":"<h2>Membres<\/h2>\n<h3>Jacky Vonderscher, PhD, Directeur g\u00e9n\u00e9ral et Pr\u00e9sident du Conseil d\u2019Administration<\/h3>\n<p><img loading=\"lazy\" decoding=\"async\" class=\"img-thumbnail wp-image-116 size-thumbnail alignleft\" src=\"\/wp-content\/uploads\/2017\/09\/jacky_vonderscher_squarred.jpg\" alt=\"Jacky Vonderscher\" width=\"150\" height=\"150\" \/><\/p>\n<ul>\n<li>Fondateur de Vonderscher&amp;Co GmbH<\/li>\n<li>Haut dirigeant de l\u2019industrie pharmaceutique avec une large exp\u00e9rience de R&amp;D.<\/li>\n<li>R\u00e9cemment vice-pr\u00e9sident directeur des sciences de la recherche translationnelle chez Roche aux USA et en Suisse (2010-2012)<\/li>\n<li>Vice-pr\u00e9sident directeur des laboratoires de m\u00e9decine mol\u00e9culaire chez Roche (2008-2010)<\/li>\n<li>Auparavant, postes sup\u00e9rieurs chez Novartis aux USA et en Suisse (1979 to 2008)<\/li>\n<li>Connu pour son r\u00f4le de premier plan dans la d\u00e9couverte et le d\u00e9veloppement du Sandimmum Neoral\u00ae dans les ann\u00e9es 1990<\/li>\n<li>Co-inventeur sur les premiers brevets du Sel de Sodium de l\u2019Acide Mycoph\u00e9nolique (Myfortic\u00ae) et de l\u2019Everolimus (Certican\u00ae and Afinitor\u00ae)<\/li>\n<li>Membre du conseil d\u2019administration d\u2019Inatherys, de Step Pharma et d\u2019ObsEva et membre du conseil scientifique strat\u00e9gique d\u2019Inotrem<\/li>\n<li>Membre du conseil d\u2019administration de Lyonbiop\u00f4le et de l&#8217;IMI-JU (Innovative Medicines Initiative-Joint Undertaking)<\/li>\n<\/ul>\n<div class=\"clearfix\">\n<h3>Iain D. Dukes, PhD<\/h3>\n<p><img loading=\"lazy\" decoding=\"async\" class=\"img-thumbnail size-thumbnail wp-image-126 alignleft\" src=\"\/wp-content\/uploads\/2016\/01\/Dkes-Lain.jpg\" alt=\"Iain D. Dukes\" width=\"150\" height=\"150\" \/><br \/>\nIain D. Dukes, est Venture Partner chez OrbiMed. Iain travaille \u00e9galement au Conseil d\u2019administration de Lion Biotechnologies. Derni\u00e8rement, Iain \u00e9tait \u00ab Senior Vice President, Business Development &amp; Licensing \u00bb chez Merck ou il a supervis\u00e9 tous les accords de licences pour les laboratoires de recherches de Merck, comprenant la recherche externe, l\u2019octroi de licences, les accords r\u00e9gionaux et les alliances acad\u00e9miques. Iain a plus de 20 ans d\u2019exp\u00e9rience dans la recherche pharmaceutique, le drug discovery, les licences technologiques et scientifiques, la gestion de start-ups, ainsi qu\u2019en tant que conseiller pour de nombreuses biotechs et organismes de capital-risque. Avant de rejoindre Merck, il \u00e9tait Vice-Pr\u00e9sident de la Recherche Externe et du D\u00e9veloppement chez Amgen. Il a \u00e9galement exerc\u00e9 des postes tels que \u00ab President and CEO \u00bb d\u2019Essentialis Therapeutics et \u00ab Vice President, Scientific and Technology Licensing \u00bb chez GlaxoSmithKline. Iain a obtenu son PhD en Physiologie\/Pharmacologie \u00e0 l\u2019Universit\u00e9 d\u2019Oxford o\u00f9 il a \u00e9galement obtenu une licence en jurisprudence.<\/p>\n<div class=\"clearfix\"><\/div>\n<\/div>\n<h3>Jason Dinges, PhD<\/h3>\n<p><img loading=\"lazy\" decoding=\"async\" class=\"img-thumbnail wp-image-116 size-thumbnail alignleft\" src=\"\/wp-content\/uploads\/2016\/01\/enyo-jd.jpg\" alt=\"Jason Dinges\" width=\"150\" height=\"150\" \/><br \/>\nJason Dinges est membre de l\u2019\u00e9quipe d\u2019investissement de Morningside depuis 2011, et a une large exp\u00e9rience lui procurant une vision op\u00e9rationnelle et manag\u00e9riale pour les soci\u00e9t\u00e9s de biotechnologie en stade pr\u00e9coce. Il est membre du bureau des soci\u00e9t\u00e9s du portfolio de Morningside Matatu, Inc., Cancer Targeting Systems, Inc., 2020, Inc., et Vigeo, Inc. Jason a obtenu sa licence \u00e0 l\u2019universit\u00e9 Wesleyan de l\u2019Illinois, son doctorat en g\u00e9n\u00e9tique \u00e0 l\u2019universit\u00e9 de l\u2019\u00e9tat de l\u2019Iowa et son doctorat en droit \u00e0 la facult\u00e9 de droit de l\u2019Iowa avec la plus haute distinction. Il a pass\u00e9 5 ans chez Foley &amp; Lardner LLP en tant que conseil en propri\u00e9t\u00e9 industrielle avant de rejoindre Morningside Technology Advisory LLC.<\/p>\n<div class=\"clearfix\">\n<\/div>\n<h3>Laurent Arthaud<\/h3>\n<p><img loading=\"lazy\" decoding=\"async\" class=\"img-thumbnail wp-image-116 size-thumbnail alignleft\" src=\"\/wp-content\/uploads\/2019\/09\/larthaud.png\" alt=\"laurent Arthaud\" width=\"150\" height=\"150\" \/><br \/>\nLaurent Arthaud a d\u00e9but\u00e9 sa carri\u00e8re en 1986 au minist\u00e8re des Finances fran\u00e7ais. De 1993 \u00e0 1995, il est devenu conseiller aupr\u00e8s du ministre du Travail, puis conseiller charg\u00e9 du Travail aupr\u00e8s du Premier ministre, Alain Jupp\u00e9. En 1997, Laurent Arthaud a rejoint Rh\u00f4ne-Poulenc en tant que Secr\u00e9taire g\u00e9n\u00e9ral de la recherche. En 1999, il a fond\u00e9 Aventis Capital, la filiale de capital-risque d\u2019Aventis, avec un fonds de capital-risque pour entreprises, Genavent.<br \/>\nEn novembre 2006, il rejoint CDC Entreprises en tant que Directeur g\u00e9n\u00e9ral adjoint et en 2012, devient Directeur g\u00e9n\u00e9ral des sciences de la vie, de l&#8217;\u00e9cotechnologie et de la French Tech Acceleration de Bpifrance Investissement.<br \/>\nIl est membre des conseils d&#8217;administration d&#8217;Adocia, Aledia, Cellectis, Ribogenics, SparingVision et membre du conseil de surveillance de Kurma LifeSciences Partners. Laurent Arthaud est dipl\u00f4m\u00e9 de l&#8217;Ecole Polytechnique et de l&#8217;Ecole Nationale de la Statistique et de l&#8217;Administration Economique (ENSAE).<\/p>\n<div class=\"clearfix\"><\/div>\n<h3>Jean-Christophe Renondin, PhD<\/h3>\n<p><img loading=\"lazy\" decoding=\"async\" class=\"img-thumbnail size-thumbnail wp-image-126 alignleft\" src=\"\/wp-content\/uploads\/2025\/06\/Jean-Christophe-Renondin.png\" alt=\"Jean-Christophe Renondin\" width=\"150\" height=\"150\" \/><br \/>\nJean-Christophe Renondin est associ\u00e9 g\u00e9rant chez Vesalius Biocapital IV et poss\u00e8de plus de 20 ans d&#8217;exp\u00e9rience reconnue dans l&#8217;investissement en sant\u00e9. Avant de rejoindre Vesalius Biocapital IV, il \u00e9tait responsable du p\u00f4le sant\u00e9 \u00e0 l&#8217;Autorit\u00e9 d&#8217;investissement d&#8217;Oman (OIA). Il a \u00e9galement \u00e9t\u00e9 directeur g\u00e9n\u00e9ral chez Bryan Garnier &amp; Co, o\u00f9 il dirigeait le p\u00f4le sant\u00e9 et pilotait des op\u00e9rations de march\u00e9 sur les march\u00e9s de capitaux (ECM) et de placement priv\u00e9 pour des clients europ\u00e9ens du secteur. Il a aussi \u00e9t\u00e9 associ\u00e9 commandit\u00e9 chez CDC Innovation, investissant dans divers actifs de sant\u00e9 europ\u00e9ens. De 1999 \u00e0 2005, il a \u00e9t\u00e9 vice-pr\u00e9sident chez Sofinov, filiale de la Caisse de d\u00e9p\u00f4t et placement du Qu\u00e9bec (CDPQ), o\u00f9 il dirigeait le fonds d&#8217;investissement en sant\u00e9, et directeur g\u00e9n\u00e9ral chez MDS Capital, une importante soci\u00e9t\u00e9 d&#8217;investissement canadienne sp\u00e9cialis\u00e9e dans le secteur de la sant\u00e9. Jean-Christophe a \u00e9galement \u00e9t\u00e9 directeur g\u00e9n\u00e9ral de diff\u00e9rentes filiales internationales des Laboratoires Servier, en Irlande et en Afrique du Sud, et a travaill\u00e9 chez JP Morgan au sein des d\u00e9partements Recherche actions sant\u00e9 et Finance d&#8217;entreprise \u00e0 New York. Il est titulaire d&#8217;un doctorat en m\u00e9decine (MD) de l&#8217;Universit\u00e9 Paris V Descartes et d&#8217;un MBA de l&#8217;Amos Tuck School of Business Administration.<\/p>\n<div class=\"clearfix\"><\/div>\n<h3>Timothy M. Wright, PhD, Administrateur ind\u00e9pendant<\/h3>\n<p><img loading=\"lazy\" decoding=\"async\" class=\"img-thumbnail wp-image-116 size-thumbnail alignleft\" src=\"\/wp-content\/uploads\/2016\/11\/tim_wright_squarred.jpg\" alt=\"Timothy Wright\" width=\"150\" height=\"150\" \/><br \/>\nTimothy M. Wright est depuis peu le Vice-Pr\u00e9sident Ex\u00e9cutif de la Recherche et du D\u00e9veloppement de Regulus, une Biotech Californienne. Tr\u00e8s r\u00e9cemment il \u00e9tait Vice-Pr\u00e9sident Ex\u00e9cutif des Sciences Translationnelles \u00e0 l\u2019Institut Californien pour la Recherche Biom\u00e9dicale (Calibr). Dipl\u00f4m\u00e9 en Biologie de l\u2019Universit\u00e9 du Delaware et en M\u00e9decine de l\u2019Universit\u00e9 John Hopkins (Rhumatologie, Immunologie, Biologie Mol\u00e9culaire), Timothy a rejoint l\u2019industrie pharmaceutique en 2001, apr\u00e8s une brillante carri\u00e8re acad\u00e9mique \u00e0 John Hopkins et \u00e0 l\u2019Universit\u00e9 de Pittsburg. Durant plus de 14 ans, d\u2019abord chez Pfizer puis chez Novartis, Timothy a dirig\u00e9 des programmes de recherche \u00e0 des stades pr\u00e9coces et avanc\u00e9s. Il a \u00e9t\u00e9 Chef du D\u00e9veloppement Global pour Novartis \u00e0 B\u00e2le (Suisse). Timothy est et a \u00e9t\u00e9 Conseiller Scientifique de plusieurs organisations, notamment la Fondation Bill et Melinda Gates.<\/p>\n<div class=\"clearfix\"><\/div>\n<h2>Censeurs<\/h2>\n<h3>Aneta Sottil<\/h3>\n<p><img loading=\"lazy\" decoding=\"async\" class=\"img-thumbnail wp-image-124 size-thumbnail alignleft\" src=\"\/wp-content\/uploads\/2024\/01\/Aneta_Sottil_430H_square.png\" alt=\"Aneta Sottil\" width=\"150\" height=\"150\" \/><br \/>\nAneta Sottil a rejoint la soci\u00e9t\u00e9 de gestion en janvier 2018. Elle est Directrice au sein de l\u2019\u00e9quipe Andera Life Sciences, l\u2019\u00e9quipe d\u00e9di\u00e9e aux sciences de la vie et technologies m\u00e9dicales.<br \/>\nAneta dispose d\u2019une exp\u00e9rience de 14 ans dans les probl\u00e9matiques des sciences de la vie, acquises dans le domaine du M&amp;A (BAML de 2006 \u00e0 2008; Rothschild de 2008 \u00e0 2013) et du Capital-Venture (Norgine Ventures de 2013 \u00e0 2018).<br \/>\nElle est dipl\u00f4m\u00e9e de Warsaw School of Economics, Singapore Management University et l\u2019Universit\u00e9 Pierre Mend\u00e8s France, dans le domaine de la Finance.<\/p>\n<div class=\"clearfix\"><\/div>\n<h3>Carl L. Gordon, PhD<\/h3>\n<p><img loading=\"lazy\" decoding=\"async\" class=\"img-thumbnail wp-image-124 size-thumbnail alignleft\" src=\"\/wp-content\/uploads\/2024\/01\/Carl-Gordon_square.jpg\" alt=\"Carl L. Gordon\" width=\"150\" height=\"150\" \/>Carl L. Gordon, PhD., CFA, est associ\u00e9 directeur et responsable du capital-investissement mondial chez OrbiMed. Pr\u00e9c\u00e9demment, Carl L. Gordon \u00e9tait analyste principal en biotechnologie chez Mehta et Isaly. Carl L. Gordon a \u00e9t\u00e9 membre de l&#8217;Universit\u00e9 Rockefeller de 1993 \u00e0 1995. Carl L. Gordon a obtenu un doctorat en biologie mol\u00e9culaire du Massachusetts Institute of Technology et un baccalaur\u00e9at au Harvard College. Il a \u00e9t\u00e9 inscrit sur la liste Forbes Midas des meilleurs investisseurs en capital-risque ces derni\u00e8res ann\u00e9es.<\/p>\n<div class=\"clearfix\"><\/div>\n","protected":false},"excerpt":{"rendered":"<h2>Membres<\/h2>\n<h3>Jacky Vonderscher, PhD, Directeur g\u00e9n\u00e9ral et Pr\u00e9sident du Conseil d\u2019Administration<\/h3>\n<p><img loading=\"lazy\" decoding=\"async\" class=\"img-thumbnail wp-image-116 size-thumbnail alignleft\" src=\"\/wp-content\/uploads\/2017\/09\/jacky_vonderscher_squarred.jpg\" alt=\"Jacky Vonderscher\" width=\"150\" height=\"150\" \/><\/p>\n<ul>\n<li>Fondateur de Vonderscher&amp;Co GmbH<\/li>\n<li>Haut dirigeant de l\u2019industrie pharmaceutique avec une large exp\u00e9rience de R&amp;D.<\/li>\n<li>R\u00e9cemment vice-pr\u00e9sident directeur des sciences de la recherche translationnelle chez Roche aux USA et en Suisse (2010-2012)<\/li>\n<li>Vice-pr\u00e9sident directeur des laboratoires de m\u00e9decine mol\u00e9culaire chez Roche (2008-2010)<\/li>\n<li>Auparavant, postes sup\u00e9rieurs chez Novartis aux USA et en Suisse (1979 to 2008)<\/li>\n<li>Connu pour son r\u00f4le de premier plan dans la d\u00e9couverte et le d\u00e9veloppement du Sandimmum Neoral\u00ae dans les ann\u00e9es 1990<\/li>\n<li>Co-inventeur sur les premiers brevets du Sel de Sodium de l\u2019Acide Mycoph\u00e9nolique (Myfortic\u00ae) et de l\u2019Everolimus (Certican\u00ae and Afinitor\u00ae)<\/li>\n<li>Membre du conseil d\u2019administration d\u2019Inatherys,<\/li>\n<\/ul>\n<p><a class=\"read-more\" href=\"https:\/\/www.enyopharma.com\/fr\/presentation\/conseil-dadministration\/\">Lire la suite&nbsp;&raquo;<\/a><\/p>\n","protected":false},"author":1,"featured_media":0,"parent":794,"menu_order":3,"comment_status":"closed","ping_status":"closed","template":"","meta":{"_acf_changed":false,"footnotes":""},"class_list":["post-799","page","type-page","status-publish","hentry"],"acf":[],"jetpack_sharing_enabled":true,"rttpg_featured_image_url":null,"rttpg_author":{"display_name":"adminENYOPharma","author_link":"https:\/\/www.enyopharma.com\/fr\/author\/adminenyopharma\/"},"rttpg_comment":0,"rttpg_category":null,"rttpg_excerpt":"Membres Jacky Vonderscher, PhD, Directeur g\u00e9n\u00e9ral et Pr\u00e9sident du Conseil d\u2019Administration Fondateur de Vonderscher&amp;Co GmbH Haut dirigeant de l\u2019industrie pharmaceutique avec une large exp\u00e9rience de R&amp;D. R\u00e9cemment vice-pr\u00e9sident directeur des sciences de la recherche translationnelle chez Roche aux USA et en Suisse (2010-2012) Vice-pr\u00e9sident directeur des laboratoires de m\u00e9decine mol\u00e9culaire chez Roche (2008-2010) Auparavant, postes&hellip;","_links":{"self":[{"href":"https:\/\/www.enyopharma.com\/fr\/wp-json\/wp\/v2\/pages\/799","targetHints":{"allow":["GET"]}}],"collection":[{"href":"https:\/\/www.enyopharma.com\/fr\/wp-json\/wp\/v2\/pages"}],"about":[{"href":"https:\/\/www.enyopharma.com\/fr\/wp-json\/wp\/v2\/types\/page"}],"author":[{"embeddable":true,"href":"https:\/\/www.enyopharma.com\/fr\/wp-json\/wp\/v2\/users\/1"}],"replies":[{"embeddable":true,"href":"https:\/\/www.enyopharma.com\/fr\/wp-json\/wp\/v2\/comments?post=799"}],"version-history":[{"count":40,"href":"https:\/\/www.enyopharma.com\/fr\/wp-json\/wp\/v2\/pages\/799\/revisions"}],"predecessor-version":[{"id":6334,"href":"https:\/\/www.enyopharma.com\/fr\/wp-json\/wp\/v2\/pages\/799\/revisions\/6334"}],"up":[{"embeddable":true,"href":"https:\/\/www.enyopharma.com\/fr\/wp-json\/wp\/v2\/pages\/794"}],"wp:attachment":[{"href":"https:\/\/www.enyopharma.com\/fr\/wp-json\/wp\/v2\/media?parent=799"}],"curies":[{"name":"wp","href":"https:\/\/api.w.org\/{rel}","templated":true}]}}