  {"id":6057,"date":"2025-07-16T08:21:54","date_gmt":"2025-07-16T08:21:54","guid":{"rendered":"https:\/\/www.enyopharma.com\/fr\/?page_id=6057"},"modified":"2025-07-17T14:59:16","modified_gmt":"2025-07-17T14:59:16","slug":"maladies-renales-chroniques","status":"publish","type":"page","link":"https:\/\/www.enyopharma.com\/fr\/patients\/maladies-renales-chroniques\/","title":{"rendered":"La maladie r\u00e9nale chronique"},"content":{"rendered":"\n<h3 class=\"wp-block-heading\">Chez Âé¶¹ÆÆ½â°æ, nous pla\u00e7ons les personnes souffrant d\u2019insuffisance r\u00e9nale au centre de nos discussions.<\/h3>\n\n\n\n<p>Nous nous engageons chaque jour \u00e0 d\u00e9velopper de nouveaux traitements pour am\u00e9liorer la qualit\u00e9 de vie des patients atteints de maladie r\u00e9nale chronique (MRC). Travailler en \u00e9troite collaboration avec les associations de patients nous permet de renforcer notre meilleure strat\u00e9gie de d\u00e9veloppement d&#8217;\u00e9tudes cliniques pour cette maladie.<\/p>\n\n\n\n<h2 class=\"wp-block-heading\" id=\"ALPESTRIA-1-clinical-trial\">L&#8217;\u00e9tude clinique de Phase 2 pour la MRC<\/h2>\n\n\n\n<p>Nous visons \u00e0 pr\u00e9server la fonction r\u00e9nale et r\u00e9parer les l\u00e9sions r\u00e9nales des patients atteints de MRC avec le m\u00e9dicament exp\u00e9rimental Vonafexor dans l\u2019\u00e9tude clinique de Phase 2.<\/p>\n\n\n<div class=\"ti-text-and-image ti-text-and-image--odd\"><img loading=\"lazy\" decoding=\"async\" class=\"alignnone size-medium wp-image-1405\" src=\"\/wp-content\/uploads\/2023\/05\/NASH_image_2023.png\" alt=\"CKD MASH\" width=\"150\" height=\"87\" \/><\/p>\n<div>\n<h3>Qu\u2019est-ce que l\u2019\u00e9tude clinique de Phase 2 pour la MRC ?<\/h3>\n<p>\u00c9tablir l&#8217;effet de Vonafexor sur la fonction r\u00e9nale chez les sujets atteints de MRC et suspect\u00e9s de MASH<\/p>\n<\/div>\n<p><\/div>\n\n\n\n<p><\/p>\n\n\n\n<ul class=\"wp-block-list\">\n<li><b>Objectifs <\/b>: Cette \u00e9tude clinique vise \u00e0 d\u00e9terminer l&#8217;effet de deux doses de Vonafexor sur la fonction r\u00e9nale. Elle sera men\u00e9e chez des sujets pr\u00e9sentant une diminution l\u00e9g\u00e8re ou mod\u00e9r\u00e9e du d\u00e9bit de filtration glom\u00e9rulaire estim\u00e9 (DFGe) et une suspicion de st\u00e9atoh\u00e9patite associ\u00e9e \u00e0 un dysfonctionnement m\u00e9tabolique (MASH). De plus, les modifications fonctionnelles et structurelles des reins et du foie seront \u00e9tudi\u00e9es en imagerie par r\u00e9sonance magn\u00e9tique multiparam\u00e9trique non invasive (IRM).<\/li>\n\n\n\n<li><b>Design<\/b> : L&#8217;\u00e9tude est une \u00e9tude de Phase 2, ouverte, randomis\u00e9e, \u00e0 bras parall\u00e8les, monocentrique, \u00e0 deux doses de traitement. La dur\u00e9e de l&#8217;\u00e9tude est de 32 semaines maximum : 4 semaines de d\u00e9pistage, 16 semaines de traitement, puis 12 semaines de suivi sans traitement.<\/li>\n\n\n\n<li><b>Traitement<\/b> : Les participants recevront une faible dose ou une dose \u00e9lev\u00e9e de Vonafexor sous forme de comprim\u00e9 oral une fois par jour pendant 16 semaines, puis arr\u00eateront le traitement pendant 12 semaines au cours de la p\u00e9riode de suivi.<\/li>\n\n\n\n<li><b>Patients :<\/b> L\u2019\u00e9tude vise \u00e0 recruter 60 patients en Allemagne.<\/li>\n<\/ul>\n\n\n<div class=\"ti-text-and-image ti-text-and-image--odd\"><img loading=\"lazy\" decoding=\"async\" class=\"alignnone size-medium wp-image-1405\" src=\"\/wp-content\/uploads\/2024\/05\/Drug-blue-picture-2.png\" alt=\"Vonafexor\" width=\"150\" height=\"87\" \/><\/p>\n<div>\n<h3>Qu\u2019est-ce que Vonafexor ?<\/h3>\n<p>Le m\u00e9dicament exp\u00e9rimental test\u00e9 dans l\u2019\u00e9tude clinique de Phase 2 pour la MRC<\/p>\n<\/div>\n<p><\/div>\n\n\n\n<p><\/p>\n\n\n\n<ul class=\"wp-block-list\">\n<li><b>M\u00e9dicament :<\/b> Vonafexor est une petite mol\u00e9cule pr\u00e9sentant des propri\u00e9t\u00e9s anti-fibrotiques et anti-inflammatoires observ\u00e9es dans le rein et le foie. <a href=\"https:\/\/www.enyopharma.com\/fr\/science\/serie-vonafexor\/\" target=\"_blank\" rel=\"noreferrer noopener\">En savoir plus sur Vonafexor<\/a><\/li>\n<\/ul>\n\n\n<div class=\"ti-text-and-image ti-text-and-image--odd\"><img loading=\"lazy\" decoding=\"async\" class=\"alignnone size-medium wp-image-1405\" src=\"\/wp-content\/uploads\/2024\/05\/Doctor-and-patient-image.png\" alt=\"Eligibilit\u00e9 des participants\" width=\"150\" height=\"87\" \/><\/p>\n<div>\n<h3>Puis-je participer \u00e0 l&#8217;\u00e9tude clinique de Phase 2 pour la MRC<\/h3>\n<p>Je peux \u00eatre \u00e9ligible si :\n<\/p><\/div>\n<p><\/div>\n\n\n\n<p><\/p>\n\n\n\n<ul class=\"wp-block-list\">\n<li><b>Age<\/b>: J&#8217;ai entre 18 et 75\u00a0ans inclus<\/li>\n\n\n\n<li><b>Genre <\/b>: Je suis une femme ou un homme<\/li>\n\n\n\n<li><b>Fonction r\u00e9nale <\/b>: Je pr\u00e9sente une insuffisance r\u00e9nale l\u00e9g\u00e8re \u00e0 mod\u00e9r\u00e9e<\/li>\n\n\n\n<li><b>Pathologie :<\/b> Je suis en surpoids ou ob\u00e8se, avec ou sans diab\u00e8te de type\u00a02<\/li>\n\n\n\n<li><strong>Foie<\/strong> : Je souffre d&#8217;une fibrose h\u00e9patique pr\u00e9sum\u00e9e l\u00e9g\u00e8re \u00e0 s\u00e9v\u00e8re.<\/li>\n<\/ul>\n\n\n<div class=\"ti-text-and-image ti-text-and-image--odd\"><img loading=\"lazy\" decoding=\"async\" class=\"alignnone size-medium wp-image-1405\" src=\"\/wp-content\/uploads\/2024\/05\/iStock-671886438.jpg\" alt=\"Status and site locations\" width=\"150\" height=\"87\" \/><\/p>\n<div>\n<h3>Statut et centres de l\u2019\u00e9tude<\/h3>\n<p>L\u2019\u00e9tude se d\u00e9roule actuellement en Allemagne\n<\/p><\/div>\n<p><\/div>\n\n\n\n<p><\/p>\n\n\n\n<ul class=\"wp-block-list\">\n<li><b>Statut de l&#8217;\u00e9tude <\/b>: <strong><mark style=\"background-color:rgba(0, 0, 0, 0)\" class=\"has-inline-color has-vivid-red-color\">en cours de recrutement<\/mark><\/strong><\/li>\n\n\n\n<li><b><strong>Centres de l\u2019\u00e9tude<\/strong><\/b> : L\u2019\u00e9tude est men\u00e9e en Allemagne.<\/li>\n<\/ul>\n\n\n<div class=\"ti-text-and-image ti-text-and-image--odd\"><img loading=\"lazy\" decoding=\"async\" class=\"alignnone size-medium wp-image-1405\" src=\"\/wp-content\/uploads\/2024\/05\/iStock-908655400-small.jpg\" alt=\"En savoir plus sur l'\u00e9tude\" width=\"150\" height=\"87\" \/><\/p>\n<div>\n<h3>En savoir plus sur l&#8217;\u00e9tude<\/h3>\n<\/div>\n<p><\/div>\n\n\n\n<p><\/p>\n\n\n\n<ul class=\"wp-block-list\">\n<li>Si vous avez des questions concernant l\u2019\u00e9tude clinique de Phase pour la MRC, veuillez consulter votre m\u00e9decin traitant.<\/li>\n\n\n\n<li>Consulter le site internet <a href=\"https:\/\/clinicaltrials.eu\/trial\/study-on-the-effects-of-vonafexor-rosuvastatin-zinc-and-iohexol-on-kidney-function-in-patients-with-impaired-renal-function-and-suspected-mash\/\" target=\"_blank\" rel=\"noreferrer noopener\">https:\/\/euclinicaltrials.eu<\/a> avec la r\u00e9f\u00e9rence 2023-509192-16-00 ou <a href=\"https:\/\/clinicaltrials.gov\/study\/NCT06939816?intr=vonafexor&amp;rank=2&amp;tab=table\" target=\"_blank\" rel=\"noreferrer noopener\">https:\/\/clinicaltrials.gov<\/a> avec la r\u00e9f\u00e9rence NCT06939816.<\/li>\n<\/ul>\n","protected":false},"excerpt":{"rendered":"<h3 class=\"wp-block-heading\">Chez Âé¶¹ÆÆ½â°æ, nous pla\u00e7ons les personnes souffrant d\u2019insuffisance r\u00e9nale au centre de nos discussions.<\/h3>\n<p>Nous nous engageons chaque jour \u00e0 d\u00e9velopper de nouveaux traitements pour am\u00e9liorer la qualit\u00e9 de vie des patients atteints de maladie r\u00e9nale chronique (MRC). Travailler en \u00e9troite collaboration avec les associations de patients nous permet de renforcer notre meilleure strat\u00e9gie de d\u00e9veloppement d&#8217;\u00e9tudes cliniques pour cette maladie.<\/p>\n<h2 class=\"wp-block-heading\" id=\"ALPESTRIA-1-clinical-trial\">L&#8217;\u00e9tude clinique de Phase 2 pour la MRC<\/h2>\n<p>Nous visons \u00e0 pr\u00e9server la fonction r\u00e9nale et r\u00e9parer les l\u00e9sions r\u00e9nales des patients atteints de MRC avec le m\u00e9dicament exp\u00e9rimental Vonafexor dans l\u2019\u00e9tude clinique de Phase 2.<\/p>\n<p><a class=\"read-more\" href=\"https:\/\/www.enyopharma.com\/fr\/patients\/maladies-renales-chroniques\/\">Lire la suite&nbsp;&raquo;<\/a><\/p>\n","protected":false},"author":7,"featured_media":0,"parent":5506,"menu_order":1,"comment_status":"closed","ping_status":"closed","template":"","meta":{"_acf_changed":false,"footnotes":""},"class_list":["post-6057","page","type-page","status-publish","hentry"],"acf":[],"jetpack_sharing_enabled":true,"rttpg_featured_image_url":null,"rttpg_author":{"display_name":"adm-cdubreuil","author_link":"https:\/\/www.enyopharma.com\/fr\/author\/adm-cdubreuil\/"},"rttpg_comment":0,"rttpg_category":null,"rttpg_excerpt":"Chez Âé¶¹ÆÆ½â°æ, nous pla\u00e7ons les personnes souffrant d\u2019insuffisance r\u00e9nale au centre de nos discussions. Nous nous engageons chaque jour \u00e0 d\u00e9velopper de nouveaux traitements pour am\u00e9liorer la qualit\u00e9 de vie des patients atteints de maladie r\u00e9nale chronique (MRC). Travailler en \u00e9troite collaboration avec les associations de patients nous permet de renforcer notre meilleure strat\u00e9gie&hellip;","_links":{"self":[{"href":"https:\/\/www.enyopharma.com\/fr\/wp-json\/wp\/v2\/pages\/6057","targetHints":{"allow":["GET"]}}],"collection":[{"href":"https:\/\/www.enyopharma.com\/fr\/wp-json\/wp\/v2\/pages"}],"about":[{"href":"https:\/\/www.enyopharma.com\/fr\/wp-json\/wp\/v2\/types\/page"}],"author":[{"embeddable":true,"href":"https:\/\/www.enyopharma.com\/fr\/wp-json\/wp\/v2\/users\/7"}],"replies":[{"embeddable":true,"href":"https:\/\/www.enyopharma.com\/fr\/wp-json\/wp\/v2\/comments?post=6057"}],"version-history":[{"count":7,"href":"https:\/\/www.enyopharma.com\/fr\/wp-json\/wp\/v2\/pages\/6057\/revisions"}],"predecessor-version":[{"id":6067,"href":"https:\/\/www.enyopharma.com\/fr\/wp-json\/wp\/v2\/pages\/6057\/revisions\/6067"}],"up":[{"embeddable":true,"href":"https:\/\/www.enyopharma.com\/fr\/wp-json\/wp\/v2\/pages\/5506"}],"wp:attachment":[{"href":"https:\/\/www.enyopharma.com\/fr\/wp-json\/wp\/v2\/media?parent=6057"}],"curies":[{"name":"wp","href":"https:\/\/api.w.org\/{rel}","templated":true}]}}