  {"id":4354,"date":"2023-05-11T14:48:51","date_gmt":"2023-05-11T14:48:51","guid":{"rendered":"http:\/\/www.enyopharma.com\/fr\/?page_id=4354"},"modified":"2024-10-28T10:50:13","modified_gmt":"2024-10-28T10:50:13","slug":"publications","status":"publish","type":"page","link":"https:\/\/www.enyopharma.com\/fr\/science\/publications\/","title":{"rendered":"Publications"},"content":{"rendered":"<div class=\"ti-text-and-image ti-text-and-image--odd\"><br \/>\n<img decoding=\"async\" src=\"\/wp-content\/uploads\/2023\/05\/NASH_image_2023.png\" alt=\"MASH\" width=\"150\" height=\"94 class=\"alignnone size-medium wp-image-1405\" \/><\/p>\n<div>\n<h3>MASH<\/h3>\n<p>La maladie h\u00e9patique st\u00e9atosique associ\u00e9e \u00e0 un dysfonctionnement m\u00e9tabolique, une maladie du foie \u00e9voluant vers une maladie r\u00e9nale chronique\n<\/p><\/div>\n<p><\/div>\n<h3>Ratziu et al. (2022)<\/h3>\n<p>Hepatic and renal improvements with FXR agonist Vonafexor in individuals with suspected fibrotic NASH. Journal of Hepatology. 78 (3), 479-492.<\/p>\n<p>Non-alcoholic steatohepatitis (NASH) has become a leading cause of chronic liver disease worldwide. Affected patients are also at higher risk of developing chronic kidney disease. There are no approved therapies and only few options to treat this population. The phase IIa LIVIFY trial results show that single daily administration of oral vonafexor, an FXR agonist, leads in the short term to a reduction in liver fat, liver enzymes, fibrosis biomarkers, body weight and abdominal circumference, and a possible improvement in kidney function, while possible mild moderate pruritus (a peripheral FXR class effect) and an LDL cholesterol increase are manageable with lower doses and statins. These results support exploration in longer and larger trials, with the aim of addressing the unmet medical need in NASH.<br \/>\n<a href=\"https:\/\/i0.wp.com\/www.enyopharma.com\/wp-content\/uploads\/2023\/05\/LIVIFY.jpg\"><img loading=\"lazy\" decoding=\"async\" src=\"https:\/\/i0.wp.com\/www.enyopharma.com\/wp-content\/uploads\/2023\/05\/LIVIFY.jpg?resize=1024%2C440\" alt=\"Ph2a LIVIFY study\" width=\"1024\" height=\"440\" class=\"alignleft size-large wp-image-4527\" data-recalc-dims=\"1\" \/><\/a><\/li>\n<p> <a href=\"http:\/\/www.enyopharma.com\/wp-content\/uploads\/2022\/12\/Ratziu-et-al-2022_LIVIFY-study_Journal-of-Hepatology.pdf\" rel=\"\" target=\"_blank\" class=\"tano-file\"><span class=\"tano_download_icon\"><\/span><span class=\"tano_file_title\">Download full version<\/span><\/a>  <a href=\"https:\/\/www.journal-of-hepatology.eu\/article\/S0168-8278(22)03160-9\/fulltext\" target=\"_blank\" rel=\"noopener\">Ratziu et al. (2022)<\/a><\/li>\n<div class=\"ti-text-and-image ti-text-and-image--odd\"><br \/>\n<img decoding=\"async\" src=\"\/wp-content\/uploads\/2023\/05\/liver_small.png\" alt=\"Other clinical studies\" width=\"150\" height=\"94 class=\"alignnone size-medium wp-image-1405\" \/><\/p>\n<div>\n<h3>Autres publications<\/h3>\n<p>&#8211; HBV<br \/>\n&#8211; Drug discovery platform\n<\/p><\/div>\n<p><\/div>\n<ul>\n<a href=\"https:\/\/www.enyopharma.com\/science\/other-programs\/\" target=\"_blank\" rel=\"noopener\"> Click here<\/a> <\/li>\n","protected":false},"excerpt":{"rendered":"<h3>Ratziu et al. (2022)<\/h3>\n<p>Hepatic and renal improvements with FXR agonist Vonafexor in individuals with suspected fibrotic NASH. Journal of Hepatology. 78 (3), 479-492.<\/p>\n<p>Non-alcoholic steatohepatitis (NASH) has become a leading cause of chronic liver disease worldwide. Affected patients are also at higher risk of developing chronic kidney disease. There are no approved therapies and only few options to treat this population. The phase IIa LIVIFY trial results show that single daily administration of oral vonafexor,<\/p>\n<p><a class=\"read-more\" href=\"https:\/\/www.enyopharma.com\/fr\/science\/publications\/\">Lire la suite&nbsp;&raquo;<\/a><\/p>\n","protected":false},"author":2,"featured_media":1014,"parent":4320,"menu_order":4,"comment_status":"closed","ping_status":"closed","template":"","meta":{"_acf_changed":false,"footnotes":""},"class_list":["post-4354","page","type-page","status-publish","has-post-thumbnail","hentry"],"acf":[],"jetpack_sharing_enabled":true,"rttpg_featured_image_url":{"full":["https:\/\/i0.wp.com\/www.enyopharma.com\/wp-content\/uploads\/2016\/03\/pipeline.jpg?fit=2000%2C750&ssl=1",2000,750,false],"landscape":["https:\/\/www.enyopharma.com\/wp-content\/uploads\/2016\/03\/pipeline.jpg",2000,750,false],"portraits":["https:\/\/www.enyopharma.com\/wp-content\/uploads\/2016\/03\/pipeline.jpg",2000,750,false],"thumbnail":["https:\/\/i0.wp.com\/www.enyopharma.com\/wp-content\/uploads\/2016\/03\/pipeline.jpg?resize=150%2C150&ssl=1",150,150,true],"medium":["https:\/\/i0.wp.com\/www.enyopharma.com\/wp-content\/uploads\/2016\/03\/pipeline.jpg?fit=300%2C113&ssl=1",300,113,true],"large":["https:\/\/i0.wp.com\/www.enyopharma.com\/wp-content\/uploads\/2016\/03\/pipeline.jpg?fit=1024%2C384&ssl=1",1024,384,true],"1536x1536":["https:\/\/i0.wp.com\/www.enyopharma.com\/wp-content\/uploads\/2016\/03\/pipeline.jpg?fit=1536%2C576&ssl=1",1536,576,true],"2048x2048":["https:\/\/i0.wp.com\/www.enyopharma.com\/wp-content\/uploads\/2016\/03\/pipeline.jpg?fit=2000%2C750&ssl=1",2000,750,true],"large_home":["https:\/\/i0.wp.com\/www.enyopharma.com\/wp-content\/uploads\/2016\/03\/pipeline.jpg?fit=1400%2C525&ssl=1",1400,525,true]},"rttpg_author":{"display_name":"editorENYOPharma","author_link":"https:\/\/www.enyopharma.com\/fr\/author\/editorenyopharma\/"},"rttpg_comment":0,"rttpg_category":null,"rttpg_excerpt":"Ratziu et al. (2022) Hepatic and renal improvements with FXR agonist Vonafexor in individuals with suspected fibrotic NASH. Journal of Hepatology. 78 (3), 479-492. Non-alcoholic steatohepatitis (NASH) has become a leading cause of chronic liver disease worldwide. Affected patients are also at higher risk of developing chronic kidney disease. There are no approved therapies and&hellip;","_links":{"self":[{"href":"https:\/\/www.enyopharma.com\/fr\/wp-json\/wp\/v2\/pages\/4354","targetHints":{"allow":["GET"]}}],"collection":[{"href":"https:\/\/www.enyopharma.com\/fr\/wp-json\/wp\/v2\/pages"}],"about":[{"href":"https:\/\/www.enyopharma.com\/fr\/wp-json\/wp\/v2\/types\/page"}],"author":[{"embeddable":true,"href":"https:\/\/www.enyopharma.com\/fr\/wp-json\/wp\/v2\/users\/2"}],"replies":[{"embeddable":true,"href":"https:\/\/www.enyopharma.com\/fr\/wp-json\/wp\/v2\/comments?post=4354"}],"version-history":[{"count":5,"href":"https:\/\/www.enyopharma.com\/fr\/wp-json\/wp\/v2\/pages\/4354\/revisions"}],"predecessor-version":[{"id":5576,"href":"https:\/\/www.enyopharma.com\/fr\/wp-json\/wp\/v2\/pages\/4354\/revisions\/5576"}],"up":[{"embeddable":true,"href":"https:\/\/www.enyopharma.com\/fr\/wp-json\/wp\/v2\/pages\/4320"}],"wp:featuredmedia":[{"embeddable":true,"href":"https:\/\/www.enyopharma.com\/fr\/wp-json\/wp\/v2\/media\/1014"}],"wp:attachment":[{"href":"https:\/\/www.enyopharma.com\/fr\/wp-json\/wp\/v2\/media?parent=4354"}],"curies":[{"name":"wp","href":"https:\/\/api.w.org\/{rel}","templated":true}]}}