  {"id":3302,"date":"2019-10-14T14:53:59","date_gmt":"2019-10-14T14:53:59","guid":{"rendered":"http:\/\/www.enyopharma.com\/fr\/?page_id=3302"},"modified":"2024-01-03T08:27:11","modified_gmt":"2024-01-03T08:27:11","slug":"management","status":"publish","type":"page","link":"https:\/\/www.enyopharma.com\/fr\/presentation\/management\/","title":{"rendered":"Management"},"content":{"rendered":"<p>De classe mondiale, l\u2019\u00e9quipe d\u2019Âé¶¹ÆÆ½â°æ est une combinaison cruciale de hauts dirigeants du secteur pharmaceutique qui ont prouv\u00e9 leur excellence scientifique et de financiers avec une profonde compr\u00e9hension du secteur pharmaceutique.<\/p>\n<h3>Dr Jacky Vonderscher, PhD, co-fondateur et Directeur G\u00e9n\u00e9ral<\/h3>\n<p><img loading=\"lazy\" decoding=\"async\" class=\"img-thumbnail wp-image-116 size-thumbnail alignleft\" src=\"\/wp-content\/uploads\/2017\/09\/jacky_vonderscher_squarred.jpg\" alt=\"Jacky Vonderscher\" width=\"150\" height=\"150\" \/><\/p>\n<ul>\n<li>Fondateur de Vonderscher&amp;Co GmbH<\/li>\n<li>Haut dirigeant de l\u2019industrie pharmaceutique avec une large exp\u00e9rience de R&amp;D<\/li>\n<li>R\u00e9cemment vice-pr\u00e9sident directeur des sciences de la recherche translationnelle chez Roche aux USA et en Suisse (2010-2012)<\/li>\n<li>Vice-pr\u00e9sident directeur des laboratoires de m\u00e9decine mol\u00e9culaire chez Roche (2008-2010)<br \/>\nAuparavant, postes sup\u00e9rieurs chez Novartis aux USA et en Suisse (1979 to 2008)<\/li>\n<li>Connu pour son r\u00f4le de premier plan dans la d\u00e9couverte et le d\u00e9veloppement du Sandimmum Neoral\u00ae dans les ann\u00e9es 1990<\/li>\n<li>Co-inventeur sur les premiers brevets du Sel de Sodium de l\u2019Acide Mycoph\u00e9nolique (Myfortic\u00ae) et de l\u2019Everolimus (Certican\u00ae and Afinitor\u00ae)<\/li>\n<li>Membre du conseil d\u2019administration d\u2019Inatherys, de Step Pharma et d\u2019ObsEva et membre du conseil scientifique strat\u00e9gique d\u2019Inotrem<\/li>\n<li>Membre du conseil d\u2019administration de Lyonbiop\u00f4le et de l&#8217;IMI-JU (Innovative Medicines Initiative-Joint Undertaking)<\/li>\n<\/ul>\n<div class=\"clearfix\"><\/div>\n<h3>Dr Pietro Scalfaro, MD, MBA, SVP Directeur M\u00e9dical et D\u00e9veloppement clinique<\/h3>\n<p><img loading=\"lazy\" decoding=\"async\" class=\"img-thumbnail wp-image-129 size-thumbnail alignleft\" src=\"\/wp-content\/uploads\/2016\/11\/pietro_scalfaro_squarred.jpg\" alt=\"Pietro Scalfaro\" width=\"150\" height=\"150\" \/><\/p>\n<ul>\n<li>Responsable de la strat\u00e9gie et de la gestion op\u00e9rationnelle des d\u00e9veloppements cliniques des candidats m\u00e9dicaments (\u00e9tudes de la tol\u00e9rance et de l&#8217;efficacit\u00e9)<\/li>\n<li>Solide exp\u00e9rience dans le domaine du d\u00e9veloppement et des prises en charge par des nouvelles th\u00e9rapies et approches diagnostiques, notamment dans les maladies infectieuses (VHC, par le d\u00e9veloppement d&#8217;Alisporivir), de la septic\u00e9mie, en Oncologie, de la maladie d&#8217;Alzheimer et des maladies cardio-respiratoires<\/li>\n<li>Mise en place d&#8217;une unit\u00e9 d&#8217;affaires de m\u00e9decine personnalis\u00e9e au sein du groupe Debiopharm International, r\u00f4le dans des entreprises \u201cstart-up\u201d actives dans la Cybersant\u00e9 et de la G\u00e9nomique (Biocartis, Sophia Genetics, Agendia, Immunexpress, Pryv, Orphanalytics)<\/li>\n<li>Titulaire d&#8217;un dipl\u00f4me de m\u00e9decin et d&#8217;une ma\u00eetrise en administration des affaires (Executive MBA Corporate Finance) de l&#8217;Universit\u00e9 de Lausanne. Praticien p\u00e9diatre avec un dipl\u00f4me de sp\u00e9cialiste en P\u00e9diatrie et M\u00e9decine Intensive (FMH F\u00e9d\u00e9ration des M\u00e9decins Suisses).<\/li>\n<\/ul>\n<div class=\"clearfix\"><\/div>\n<h3>Dr Rapha\u00ebl Darteil, PhD, SVP D\u00e9veloppement non-clinique et profilage<\/h3>\n<p><img loading=\"lazy\" decoding=\"async\" class=\"img-thumbnail wp-image-129 size-thumbnail alignleft\" src=\"\/wp-content\/uploads\/2016\/03\/Photo-Rapha\u00ebl-Darteil.jpg\" alt=\"Rapha\u00ebl Darteil\" width=\"150\" height=\"150\" \/><\/p>\n<ul>\n<li>Responsable du d\u00e9veloppement non-clinique et du profilage in vitro \/ in vivo des candidats m\u00e9dicaments<\/li>\n<li>Plus de 20 ans d\u2019exp\u00e9rience dans les projets de R&#038;D et la gestion de portefeuille dans l\u2019industrie pharma et des biotechs<\/li>\n<li>Expertise scientifique dans les maladies m\u00e9taboliques (comprenant la NAFLD et la NASH) et dans le domaine des r\u00e9cepteurs nucl\u00e9aires<\/li>\n<li>Directeur des op\u00e9rations et membre du Directoire de Genfit<\/li>\n<li>Diverses fonctions dans le d\u00e9partement de th\u00e9rapie g\u00e9n\u00e9tique, \u00e0 Aventis, en France et aux Etats-Unis<\/li>\n<li>Co-inventeur du brevet prot\u00e9geant l\u2019utilisation d\u2019Elafibranor (Phase III) pour le traitement des patients atteints de la NASH<\/li>\n<li>Titulaire d\u2019un doctorat en Biologie Mol\u00e9culaire et Cellulaire obtenu \u00e0 l\u2019Universit\u00e9 Claude Bernard Lyon I<\/li>\n<\/ul>\n<div class=\"clearfix\"><\/div>\n<h3>Keltoum Medji, MBA, VP Finances et D\u00e9veloppement Strat\u00e9gique<\/h3>\n<p><img loading=\"lazy\" decoding=\"async\" class=\"img-thumbnail wp-image-129 size-thumbnail alignleft\" src=\"\/wp-content\/uploads\/2022\/03\/Medji_Keltoum_sq.png\" alt=\"Keltoum Medji\" width=\"150\" height=\"150\" \/><\/p>\n<ul>\n<li>En charge des activit\u00e9s finances, y compris lev\u00e9es de fonds, relations avec les investisseurs, partenariats strat\u00e9giques<\/li>\n<li>Plus de 20 ans d\u2019exp\u00e9rience dans l\u2019industrie orthop\u00e9dique, supportant la croissance en collaboration avec  les \u00e9quipes commerciales, supply chain &#038; logistique<\/li>\n<li>Solide exp\u00e9rience dans la gestion du changement dans divers projets de changement organisationnels, tels que fusion acquisition, restructuration, r\u00e9organisations<\/li>\n<li>Diplom\u00e9e d\u2019une Maitrise Economie et Gestion et d\u2019un Executive MBA de l\u2019Ecole de Management de Lyon<\/li>\n<\/ul>\n<div class=\"clearfix\"><\/div>\n<h3>Claudi Miquel, SVP Affaires l\u00e9gales et Secr\u00e9taire du Conseil d\u2019Administration<\/h3>\n<p><img loading=\"lazy\" decoding=\"async\" class=\"img-thumbnail wp-image-129 size-thumbnail alignleft\" src=\"\/wp-content\/uploads\/2023\/05\/Management_Claudi-Miquel_sq.jpg\" alt=\"Claudi Miquel\" width=\"150\" height=\"150\" \/><\/p>\n<ul>\n<li>Responsable des affaires juridiques et secr\u00e9taire du conseil d&#8217;administration<\/li>\n<li>15 ans d&#8217;exp\u00e9rience en tant qu&#8217;avocat et conseiller principal pour des organisations internationales dans diff\u00e9rentes juridictions<\/li>\n<li>Expertise dans le domaine transactionnel, de financement, de propri\u00e9t\u00e9 intellectuelle, droit et gouvernance d&#8217;entreprises<\/li>\n<li>Dipl\u00f4m\u00e9 d\u2019un Master en droit des affaires de la facult\u00e9 de droit de l&#8217;Universit\u00e9 Vanderbilt<\/li>\n<\/ul>\n<div class=\"clearfix\"><\/div>\n<h3>Pete Leone, MBA, Directeur du d\u00e9veloppement des affaires et des licences<\/h3>\n<p><img loading=\"lazy\" decoding=\"async\" class=\"img-thumbnail wp-image-129 size-thumbnail alignleft\" src=\"\/wp-content\/uploads\/2021\/11\/PeteLeone_squarred.jpg\" alt=\"Pete Leon\" width=\"150\" height=\"150\" \/><\/p>\n<ul>\n<li>Responsable du d\u00e9veloppement des affaires<\/li>\n<li>Plus de 30 ans d&#8217;exp\u00e9rience ex\u00e9cutive au sein de soci\u00e9t\u00e9s pharmaceutiques publiques et priv\u00e9es, avec plus de 6 milliards de dollars en paiements initiaux et en paiements d&#8217;\u00e9tapes potentielles dans des transactions commerciales qu&#8217;il a men\u00e9es \u00e0 terme<\/li>\n<li>Diverses fonctions de direction chez Arrowhead Pharmaceuticals (Nasdaq : ARWR), notamment dans le domaine du d\u00e9veloppement des affaires, a \u00e9t\u00e9 directeur business de Bicycle Therapeutics (Nasdaq : BCYC) et, auparavant, cofondateur de trois soci\u00e9t\u00e9s financ\u00e9es par des fonds de capital-risque, dont Mersana Therapeutics (Nasdaq : MRSN)<\/li>\n<li>Membre du conseil d&#8217;administration d&#8217;entreprises et d&#8217;organisations \u00e0 but non lucratif, notamment SeromYx Systems, Third Monday Foundation et Nuestros Peque\u00f1os Hermanos &#8211; NPH USA Northeast region<\/li>\n<li>Titulaire d&#8217;une licence en sciences de l&#8217;ing\u00e9nieur avec \u00e9tudes pr\u00e9-m\u00e9dicales du Dartmouth College et d&#8217;un MBA de la Graduate School of Business de l&#8217;universit\u00e9 de Stanford<\/li>\n<\/ul>\n<div class=\"clearfix\"><\/div>\n","protected":false},"excerpt":{"rendered":"<p>De classe mondiale, l\u2019\u00e9quipe d\u2019Âé¶¹ÆÆ½â°æ est une combinaison cruciale de hauts dirigeants du secteur pharmaceutique qui ont prouv\u00e9 leur excellence scientifique et de financiers avec une profonde compr\u00e9hension du secteur pharmaceutique.<\/p>\n<h3>Dr Jacky Vonderscher, PhD, co-fondateur et Directeur G\u00e9n\u00e9ral<\/h3>\n<p><img loading=\"lazy\" decoding=\"async\" class=\"img-thumbnail wp-image-116 size-thumbnail alignleft\" src=\"\/wp-content\/uploads\/2017\/09\/jacky_vonderscher_squarred.jpg\" alt=\"Jacky Vonderscher\" width=\"150\" height=\"150\" \/><\/p>\n<ul>\n<li>Fondateur de Vonderscher&amp;Co GmbH<\/li>\n<li>Haut dirigeant de l\u2019industrie pharmaceutique avec une large exp\u00e9rience de R&amp;D<\/li>\n<li>R\u00e9cemment vice-pr\u00e9sident directeur des sciences de la recherche translationnelle chez Roche aux USA et en Suisse (2010-2012)<\/li>\n<li>Vice-pr\u00e9sident directeur des laboratoires de m\u00e9decine mol\u00e9culaire chez Roche (2008-2010)<br \/>\nAuparavant,<\/li>\n<\/ul>\n<p><a class=\"read-more\" href=\"https:\/\/www.enyopharma.com\/fr\/presentation\/management\/\">Lire la suite&nbsp;&raquo;<\/a><\/p>\n","protected":false},"author":2,"featured_media":1013,"parent":794,"menu_order":2,"comment_status":"closed","ping_status":"closed","template":"","meta":{"_acf_changed":false,"footnotes":""},"class_list":["post-3302","page","type-page","status-publish","has-post-thumbnail","hentry"],"acf":[],"jetpack_sharing_enabled":true,"rttpg_featured_image_url":{"full":["https:\/\/i0.wp.com\/www.enyopharma.com\/wp-content\/uploads\/2016\/03\/about_us.jpg?fit=2000%2C609&ssl=1",2000,609,false],"landscape":["https:\/\/www.enyopharma.com\/wp-content\/uploads\/2016\/03\/about_us.jpg",2000,609,false],"portraits":["https:\/\/www.enyopharma.com\/wp-content\/uploads\/2016\/03\/about_us.jpg",2000,609,false],"thumbnail":["https:\/\/i0.wp.com\/www.enyopharma.com\/wp-content\/uploads\/2016\/03\/about_us.jpg?resize=150%2C150&ssl=1",150,150,true],"medium":["https:\/\/i0.wp.com\/www.enyopharma.com\/wp-content\/uploads\/2016\/03\/about_us.jpg?fit=300%2C91&ssl=1",300,91,true],"large":["https:\/\/i0.wp.com\/www.enyopharma.com\/wp-content\/uploads\/2016\/03\/about_us.jpg?fit=1024%2C312&ssl=1",1024,312,true],"1536x1536":["https:\/\/i0.wp.com\/www.enyopharma.com\/wp-content\/uploads\/2016\/03\/about_us.jpg?fit=1536%2C468&ssl=1",1536,468,true],"2048x2048":["https:\/\/i0.wp.com\/www.enyopharma.com\/wp-content\/uploads\/2016\/03\/about_us.jpg?fit=2000%2C609&ssl=1",2000,609,true],"large_home":["https:\/\/i0.wp.com\/www.enyopharma.com\/wp-content\/uploads\/2016\/03\/about_us.jpg?fit=1400%2C426&ssl=1",1400,426,true]},"rttpg_author":{"display_name":"editorENYOPharma","author_link":"https:\/\/www.enyopharma.com\/fr\/author\/editorenyopharma\/"},"rttpg_comment":0,"rttpg_category":null,"rttpg_excerpt":"De classe mondiale, l\u2019\u00e9quipe d\u2019Âé¶¹ÆÆ½â°æ est une combinaison cruciale de hauts dirigeants du secteur pharmaceutique qui ont prouv\u00e9 leur excellence scientifique et de financiers avec une profonde compr\u00e9hension du secteur pharmaceutique. Dr Jacky Vonderscher, PhD, co-fondateur et Directeur G\u00e9n\u00e9ral Fondateur de Vonderscher&amp;Co GmbH Haut dirigeant de l\u2019industrie pharmaceutique avec une large exp\u00e9rience de R&amp;D&hellip;","_links":{"self":[{"href":"https:\/\/www.enyopharma.com\/fr\/wp-json\/wp\/v2\/pages\/3302","targetHints":{"allow":["GET"]}}],"collection":[{"href":"https:\/\/www.enyopharma.com\/fr\/wp-json\/wp\/v2\/pages"}],"about":[{"href":"https:\/\/www.enyopharma.com\/fr\/wp-json\/wp\/v2\/types\/page"}],"author":[{"embeddable":true,"href":"https:\/\/www.enyopharma.com\/fr\/wp-json\/wp\/v2\/users\/2"}],"replies":[{"embeddable":true,"href":"https:\/\/www.enyopharma.com\/fr\/wp-json\/wp\/v2\/comments?post=3302"}],"version-history":[{"count":27,"href":"https:\/\/www.enyopharma.com\/fr\/wp-json\/wp\/v2\/pages\/3302\/revisions"}],"predecessor-version":[{"id":4707,"href":"https:\/\/www.enyopharma.com\/fr\/wp-json\/wp\/v2\/pages\/3302\/revisions\/4707"}],"up":[{"embeddable":true,"href":"https:\/\/www.enyopharma.com\/fr\/wp-json\/wp\/v2\/pages\/794"}],"wp:featuredmedia":[{"embeddable":true,"href":"https:\/\/www.enyopharma.com\/fr\/wp-json\/wp\/v2\/media\/1013"}],"wp:attachment":[{"href":"https:\/\/www.enyopharma.com\/fr\/wp-json\/wp\/v2\/media?parent=3302"}],"curies":[{"name":"wp","href":"https:\/\/api.w.org\/{rel}","templated":true}]}}